{"id":1419,"date":"2014-10-13T08:52:55","date_gmt":"2014-10-13T06:52:55","guid":{"rendered":"http:\/\/www.architekt-hinrichs.de\/wp\/?page_id=1419"},"modified":"2018-05-17T08:22:14","modified_gmt":"2018-05-17T06:22:14","slug":"widerufsbelehrung","status":"publish","type":"page","link":"https:\/\/www.architekt-hinrichs.de\/wp\/widerufsbelehrung\/","title":{"rendered":"Widerrufsbelehrung"},"content":{"rendered":"<p style=\"text-align: justify;\"><strong><span style=\"font-family: arial,helvetica,sans-serif; font-size: 12pt;\">Widerrufsrecht<\/span><\/strong><br \/>\n<span style=\"font-family: arial,helvetica,sans-serif; font-size: 12pt;\">Sie k\u00f6nnen Ihre Vertragserkl\u00e4rung innerhalb von 14 Tagen ohne Angabe von Gr\u00fcnden mittels<\/span> <span style=\"font-family: arial,helvetica,sans-serif; font-size: 12pt;\">einer eindeutigen Erkl\u00e4rung widerrufen. Die Frist beginnt nach Erhalt dieser Belehrung auf<\/span> <span style=\"font-family: arial,helvetica,sans-serif; font-size: 12pt;\">einem dauerhaften Datentr\u00e4ger. Zur Wahrung der Widerrufsfrist gen\u00fcgt die rechtzeitige<\/span> <span style=\"font-family: arial,helvetica,sans-serif; font-size: 12pt;\">Absendung des Widerrufs, wenn die Erkl\u00e4rung auf einem dauerhaften Datentr\u00e4ger&nbsp;(z. B.&nbsp;<\/span><span style=\"font-family: arial,helvetica,sans-serif; font-size: 12pt;\">Brief, Telefax, E-Mail) erfolgt.<\/span><\/p>\n<p style=\"text-align: justify;\"><span style=\"font-family: arial,helvetica,sans-serif; font-size: 12pt;\"><strong>Der Widerruf ist zu richten an das:<br \/>\n<\/strong>Architektur- und Sachverst\u00e4ndigenb\u00fcro Gerhard Hinrichs<\/span><br \/>\n<span style=\"font-family: arial,helvetica,sans-serif; font-size: 12pt;\"> Im Buchenweg 2<\/span><br \/>\n<span style=\"font-family: arial,helvetica,sans-serif; font-size: 12pt;\">26603 Aurich<\/span><br \/>\n<span style=\"font-size: 12pt; font-family: arial,helvetica,sans-serif;\">04941\/959900<\/span><br \/>\n<span style=\"font-family: arial,helvetica,sans-serif; font-size: 12pt;\">architekt-hinrichs@ewetel.net<\/span><\/p>\n<p style=\"text-align: justify;\"><strong><span style=\"font-family: arial,helvetica,sans-serif; font-size: 12pt;\">Widerrufsfolgen<\/span><\/strong><br \/>\n<span style=\"font-family: arial,helvetica,sans-serif; font-size: 12pt;\">Im Falle eines wirksamen Widerrufs sind die beiderseits empfangenen Leistungen<\/span> <span style=\"font-family: arial,helvetica,sans-serif; font-size: 12pt;\">zur\u00fcckzugew\u00e4hren. Sie sind zur Zahlung von Wertersatz f\u00fcr die bis zum Widerruf erbrachte<\/span> <span style=\"font-family: arial,helvetica,sans-serif; font-size: 12pt;\">Dienstleistung verpflichtet, wenn Sie vor Abgabe Ihrer Vertragserkl\u00e4rung auf diese<\/span> <span style=\"font-family: arial,helvetica,sans-serif; font-size: 12pt;\">Rechtsfolge hingewiesen wurden und ausdr\u00fccklich zugestimmt haben, dass wir vor dem Ende<\/span> <span style=\"font-family: arial,helvetica,sans-serif; font-size: 12pt;\">der Widerrufsfrist mit der Ausf\u00fchrung der Gegenleistung beginnen. Besteht eine<\/span><br \/>\n<span style=\"font-family: arial,helvetica,sans-serif; font-size: 12pt;\">Verpflichtung zur Zahlung von Wertersatz, kann dies dazu f\u00fchren, dass Sie die vertraglichen<\/span> <span style=\"font-family: arial,helvetica,sans-serif; font-size: 12pt;\">Zahlungsverpflichtungen f\u00fcr den Zeitraum bis zum Widerruf dennoch erf\u00fcllen m\u00fcssen. Ihr<\/span> <span style=\"font-family: arial,helvetica,sans-serif; font-size: 12pt;\">Widerrufsrecht erlischt vorzeitig, wenn der Vertrag von beiden Seiten auf Ihren<\/span> <span style=\"font-family: arial,helvetica,sans-serif; font-size: 12pt;\">ausdr\u00fccklichen Wunsch vollst\u00e4ndig erf\u00fcllt ist, bevor Sie Ihr Widerrufsrecht ausge\u00fcbt haben.<\/span><br \/>\n<span style=\"font-family: arial,helvetica,sans-serif; font-size: 12pt;\">Verpflichtungen zur Erstattung von Zahlungen m\u00fcssen innerhalb von 30 Tagen erf\u00fcllt<\/span> <span style=\"font-family: arial,helvetica,sans-serif; font-size: 12pt;\">werden. Die Frist beginnt f\u00fcr Sie mit der Absendung Ihrer Widerrufserkl\u00e4rung, f\u00fcr uns mit<\/span> <span style=\"font-family: arial,helvetica,sans-serif; font-size: 12pt;\">deren Empfang.<\/span><\/p>\n<p style=\"text-align: justify;\"><strong><span style=\"font-family: arial,helvetica,sans-serif; font-size: 12pt;\">Besondere Hinweise<\/span><\/strong>:<br \/>\n<span style=\"font-family: arial,helvetica,sans-serif; font-size: 12pt;\">(Ort), (Datum), (Unterschrift des Verbrauchers)<\/span><\/p>\n<p style=\"text-align: justify;\"><span style=\"font-size: 12pt; font-family: arial,helvetica,sans-serif;\"><a href=\"https:\/\/www.architekt-hinrichs.de\/wp\/widerrufsformular\/\"><span style=\"color: #0000ff;\">Widerrufsformular<\/span><\/a><\/span><\/p>\n","protected":false},"excerpt":{"rendered":"<p>Widerrufsrecht Sie k\u00f6nnen Ihre Vertragserkl\u00e4rung innerhalb von 14 Tagen ohne Angabe von Gr\u00fcnden mittels einer eindeutigen Erkl\u00e4rung widerrufen. Die Frist beginnt nach Erhalt dieser Belehrung auf einem dauerhaften Datentr\u00e4ger. Zur Wahrung der Widerrufsfrist gen\u00fcgt die rechtzeitige Absendung des Widerrufs, wenn die Erkl\u00e4rung auf einem dauerhaften Datentr\u00e4ger&nbsp;(z. B.&nbsp;Brief, Telefax, E-Mail) erfolgt. Der Widerruf ist zu richten an das: Architektur- und Sachverst\u00e4ndigenb\u00fcro<\/p>\n","protected":false},"author":2,"featured_media":0,"parent":0,"menu_order":0,"comment_status":"closed","ping_status":"closed","template":"","meta":{"ngg_post_thumbnail":0,"footnotes":""},"class_list":["post-1419","page","type-page","status-publish","hentry"],"_links":{"self":[{"href":"https:\/\/www.architekt-hinrichs.de\/wp\/wp-json\/wp\/v2\/pages\/1419","targetHints":{"allow":["GET"]}}],"collection":[{"href":"https:\/\/www.architekt-hinrichs.de\/wp\/wp-json\/wp\/v2\/pages"}],"about":[{"href":"https:\/\/www.architekt-hinrichs.de\/wp\/wp-json\/wp\/v2\/types\/page"}],"author":[{"embeddable":true,"href":"https:\/\/www.architekt-hinrichs.de\/wp\/wp-json\/wp\/v2\/users\/2"}],"replies":[{"embeddable":true,"href":"https:\/\/www.architekt-hinrichs.de\/wp\/wp-json\/wp\/v2\/comments?post=1419"}],"version-history":[{"count":16,"href":"https:\/\/www.architekt-hinrichs.de\/wp\/wp-json\/wp\/v2\/pages\/1419\/revisions"}],"predecessor-version":[{"id":1791,"href":"https:\/\/www.architekt-hinrichs.de\/wp\/wp-json\/wp\/v2\/pages\/1419\/revisions\/1791"}],"wp:attachment":[{"href":"https:\/\/www.architekt-hinrichs.de\/wp\/wp-json\/wp\/v2\/media?parent=1419"}],"curies":[{"name":"wp","href":"https:\/\/api.w.org\/{rel}","templated":true}]}}